{"id":14,"date":"2020-03-09T22:46:28","date_gmt":"2020-03-09T21:46:28","guid":{"rendered":"http:\/\/vents-citoyens-53.org\/?page_id=14"},"modified":"2024-10-22T10:38:28","modified_gmt":"2024-10-22T08:38:28","slug":"devenir-adherent","status":"publish","type":"page","link":"https:\/\/vents-citoyens-53.org\/index.php\/devenir-adherent\/","title":{"rendered":"Devenir adh\u00e9rent"},"content":{"rendered":"\n<div class=\"wp-block-file\"><a id=\"wp-block-file--media-551b701a-e827-4b1d-84a7-d2a4eb230890\" href=\"https:\/\/vents-citoyens-53.org\/wp-content\/uploads\/2024\/05\/BulletinAdhesion.pdf\">BulletinAdhesion<\/a><a href=\"https:\/\/vents-citoyens-53.org\/wp-content\/uploads\/2024\/05\/BulletinAdhesion.pdf\" class=\"wp-block-file__button wp-element-button\" download aria-describedby=\"wp-block-file--media-551b701a-e827-4b1d-84a7-d2a4eb230890\">T\u00e9l\u00e9charger<\/a><\/div>\n\n\n\n<h2 class=\"wp-block-heading\">Pour adh\u00e9rer en ligne :  <\/h2>\n\n\n\n<div class=\"wpcf7 no-js\" id=\"wpcf7-f903-o1\" lang=\"fr-FR\" dir=\"ltr\" data-wpcf7-id=\"903\">\n<div class=\"screen-reader-response\"><p role=\"status\" aria-live=\"polite\" aria-atomic=\"true\"><\/p> <ul><\/ul><\/div>\n<form action=\"\/index.php\/wp-json\/wp\/v2\/pages\/14#wpcf7-f903-o1\" method=\"post\" class=\"wpcf7-form init\" aria-label=\"Formulaire de contact\" novalidate=\"novalidate\" data-status=\"init\">\n<fieldset class=\"hidden-fields-container\"><input type=\"hidden\" name=\"_wpcf7\" value=\"903\" \/><input type=\"hidden\" name=\"_wpcf7_version\" value=\"6.1.4\" \/><input type=\"hidden\" name=\"_wpcf7_locale\" value=\"fr_FR\" \/><input type=\"hidden\" name=\"_wpcf7_unit_tag\" value=\"wpcf7-f903-o1\" \/><input type=\"hidden\" name=\"_wpcf7_container_post\" value=\"0\" \/><input type=\"hidden\" name=\"_wpcf7_posted_data_hash\" value=\"\" \/>\n<\/fieldset>\n<p><label> Pr\u00e9nom<br \/>\n<span class=\"wpcf7-form-control-wrap\" data-name=\"adh-prenom\"><input size=\"40\" maxlength=\"400\" class=\"wpcf7-form-control wpcf7-text wpcf7-validates-as-required\" aria-required=\"true\" aria-invalid=\"false\" value=\"\" type=\"text\" name=\"adh-prenom\" \/><\/span> <\/label>\n<\/p>\n<p><label> NOM<br \/>\n<span class=\"wpcf7-form-control-wrap\" data-name=\"adh-nom\"><input size=\"40\" maxlength=\"400\" class=\"wpcf7-form-control wpcf7-text wpcf7-validates-as-required\" aria-required=\"true\" aria-invalid=\"false\" value=\"\" type=\"text\" name=\"adh-nom\" \/><\/span> <\/label>\n<\/p>\n<p><label> E-mail<br \/>\n<span class=\"wpcf7-form-control-wrap\" data-name=\"adh-email\"><input size=\"40\" maxlength=\"400\" class=\"wpcf7-form-control wpcf7-email wpcf7-validates-as-required wpcf7-text wpcf7-validates-as-email\" autocomplete=\"email\" aria-required=\"true\" aria-invalid=\"false\" value=\"\" type=\"email\" name=\"adh-email\" \/><\/span> <\/label>\n<\/p>\n<p><label> T\u00e9l\u00e9phone<br \/>\n<span class=\"wpcf7-form-control-wrap\" data-name=\"adh-teleph\"><input size=\"40\" maxlength=\"400\" class=\"wpcf7-form-control wpcf7-tel wpcf7-text wpcf7-validates-as-tel\" aria-invalid=\"false\" value=\"\" type=\"tel\" name=\"adh-teleph\" \/><\/span> <\/label>\n<\/p>\n<p><label> Rue<br \/>\n<span class=\"wpcf7-form-control-wrap\" data-name=\"adh-rue\"><input size=\"40\" maxlength=\"400\" class=\"wpcf7-form-control wpcf7-text wpcf7-validates-as-required\" aria-required=\"true\" aria-invalid=\"false\" value=\"\" type=\"text\" name=\"adh-rue\" \/><\/span> <\/label>\n<\/p>\n<p><label> Code postal<br \/>\n<span class=\"wpcf7-form-control-wrap\" data-name=\"adh-codpost\"><input class=\"wpcf7-form-control wpcf7-number wpcf7-validates-as-number\" min=\"1000\" max=\"99999\" aria-invalid=\"false\" value=\"\" type=\"number\" name=\"adh-codpost\" \/><\/span> <\/label>\n<\/p>\n<p><label> Ville<br \/>\n<span class=\"wpcf7-form-control-wrap\" data-name=\"adh-ville\"><input size=\"40\" maxlength=\"400\" class=\"wpcf7-form-control wpcf7-text wpcf7-validates-as-required\" aria-required=\"true\" aria-invalid=\"false\" value=\"\" type=\"text\" name=\"adh-ville\" \/><\/span> <\/label>\n<\/p>\n<p><label> Cotisation annuelle 15 \u20ac - Mode de paiement :<br \/>\n<span class=\"wpcf7-form-control-wrap\" data-name=\"mode-paie\"><select class=\"wpcf7-form-control wpcf7-select\" aria-invalid=\"false\" name=\"mode-paie\"><option value=\"\">&#8212;Veuillez choisir une option&#8212;<\/option><option value=\"Ch\u00e8que\">Ch\u00e8que<\/option><option value=\"Carte (HelloAsso)\">Carte (HelloAsso)<\/option><option value=\"Virement\">Virement<\/option><\/select><\/span> <\/label>\n<\/p>\n<p><label><br \/>\n<a href=\"https:\/\/www.helloasso.com\/associations\/vents-citoyens\/adhesions\/adherer-vc\">Cliquer ici vers HELLOASSO <\/a> <\/label>\n<\/p>\n<p><label> IBAN : FR76 1548 9047 5800 0887 5050 179 BIC : CMCIFR2A <\/label>\n<\/p>\n<p><label> Votre message (facultatif)<br \/>\n<span class=\"wpcf7-form-control-wrap\" data-name=\"your-message\"><textarea cols=\"40\" rows=\"10\" maxlength=\"2000\" class=\"wpcf7-form-control wpcf7-textarea\" aria-invalid=\"false\" name=\"your-message\"><\/textarea><\/span> <\/label>\n<\/p>\n<p><input class=\"wpcf7-form-control wpcf7-submit has-spinner\" type=\"submit\" value=\"Envoyer\" \/>\n<\/p><p style=\"display: none !important;\" class=\"akismet-fields-container\" data-prefix=\"_wpcf7_ak_\"><label>&#916;<textarea name=\"_wpcf7_ak_hp_textarea\" cols=\"45\" rows=\"8\" maxlength=\"100\"><\/textarea><\/label><input type=\"hidden\" id=\"ak_js_1\" name=\"_wpcf7_ak_js\" value=\"64\"\/><script>document.getElementById( \"ak_js_1\" ).setAttribute( \"value\", ( new Date() ).getTime() );<\/script><\/p><div class=\"wpcf7-response-output\" aria-hidden=\"true\"><\/div>\n<\/form>\n<\/div>\n\n\n\n\n<p><\/p>\n\n\n\n<p>D\u00e8s r\u00e9ception de votre cotisation annuelle, votre adh\u00e9sion sera valid\u00e9e.<br>Grand merci pour votre engagement citoyen.<\/p>\n","protected":false},"excerpt":{"rendered":"<p>Pour adh\u00e9rer en ligne : D\u00e8s r\u00e9ception de votre cotisation annuelle, votre adh\u00e9sion sera valid\u00e9e.Grand merci pour votre engagement citoyen.<\/p>\n","protected":false},"author":4,"featured_media":0,"parent":0,"menu_order":0,"comment_status":"closed","ping_status":"closed","template":"","meta":{"footnotes":""},"class_list":["post-14","page","type-page","status-publish","hentry"],"_links":{"self":[{"href":"https:\/\/vents-citoyens-53.org\/index.php\/wp-json\/wp\/v2\/pages\/14","targetHints":{"allow":["GET"]}}],"collection":[{"href":"https:\/\/vents-citoyens-53.org\/index.php\/wp-json\/wp\/v2\/pages"}],"about":[{"href":"https:\/\/vents-citoyens-53.org\/index.php\/wp-json\/wp\/v2\/types\/page"}],"author":[{"embeddable":true,"href":"https:\/\/vents-citoyens-53.org\/index.php\/wp-json\/wp\/v2\/users\/4"}],"replies":[{"embeddable":true,"href":"https:\/\/vents-citoyens-53.org\/index.php\/wp-json\/wp\/v2\/comments?post=14"}],"version-history":[{"count":8,"href":"https:\/\/vents-citoyens-53.org\/index.php\/wp-json\/wp\/v2\/pages\/14\/revisions"}],"predecessor-version":[{"id":917,"href":"https:\/\/vents-citoyens-53.org\/index.php\/wp-json\/wp\/v2\/pages\/14\/revisions\/917"}],"wp:attachment":[{"href":"https:\/\/vents-citoyens-53.org\/index.php\/wp-json\/wp\/v2\/media?parent=14"}],"curies":[{"name":"wp","href":"https:\/\/api.w.org\/{rel}","templated":true}]}}