{"id":163,"date":"2020-05-08T10:03:37","date_gmt":"2020-05-08T08:03:37","guid":{"rendered":"http:\/\/vents-citoyens-53.org\/?page_id=163"},"modified":"2025-06-17T12:02:41","modified_gmt":"2025-06-17T10:02:41","slug":"ferme-eolienne-de-st-hilaire-du-maine","status":"publish","type":"page","link":"https:\/\/vents-citoyens-53.org\/index.php\/ferme-eolienne-de-st-hilaire-du-maine\/","title":{"rendered":"Ferme \u00e9olienne de Saint Hilaire du Maine"},"content":{"rendered":"\t\t<div data-elementor-type=\"wp-page\" data-elementor-id=\"163\" class=\"elementor elementor-163\">\n\t\t\t\t\t\t<section class=\"elementor-section elementor-top-section elementor-element elementor-element-0f1291b elementor-section-boxed elementor-section-height-default elementor-section-height-default\" data-id=\"0f1291b\" data-element_type=\"section\">\n\t\t\t\t\t\t<div class=\"elementor-container elementor-column-gap-default\">\n\t\t\t\t\t<div class=\"elementor-column elementor-col-100 elementor-top-column elementor-element elementor-element-36c477e\" data-id=\"36c477e\" data-element_type=\"column\">\n\t\t\t<div class=\"elementor-widget-wrap elementor-element-populated\">\n\t\t\t\t\t\t<div class=\"elementor-element elementor-element-01e5e76 elementor-widget elementor-widget-heading\" data-id=\"01e5e76\" data-element_type=\"widget\" data-widget_type=\"heading.default\">\n\t\t\t\t<div class=\"elementor-widget-container\">\n\t\t\t\t\t<h1 class=\"elementor-heading-title elementor-size-default\">Le parc \u00e9olien de Saint Hilaire du Maine<\/h1>\t\t\t\t<\/div>\n\t\t\t\t<\/div>\n\t\t\t\t\t<\/div>\n\t\t<\/div>\n\t\t\t\t\t<\/div>\n\t\t<\/section>\n\t\t\t\t<section class=\"elementor-section elementor-top-section elementor-element elementor-element-dbcc350 elementor-section-boxed elementor-section-height-default elementor-section-height-default\" data-id=\"dbcc350\" data-element_type=\"section\">\n\t\t\t\t\t\t<div class=\"elementor-container elementor-column-gap-default\">\n\t\t\t\t\t<div class=\"elementor-column elementor-col-100 elementor-top-column elementor-element elementor-element-ab3ce7c\" data-id=\"ab3ce7c\" data-element_type=\"column\">\n\t\t\t<div class=\"elementor-widget-wrap elementor-element-populated\">\n\t\t\t\t\t\t<div class=\"elementor-element elementor-element-bdc37bf elementor-widget elementor-widget-text-editor\" data-id=\"bdc37bf\" data-element_type=\"widget\" data-widget_type=\"text-editor.default\">\n\t\t\t\t<div class=\"elementor-widget-container\">\n\t\t\t\t\t\t\t\t\t<p class=\"western\"><span style=\"font-family: Liberation Sans;\"><span style=\"font-size: medium;\">Gr\u00e2ce \u00e0 notre association, une mobilisation de citoyens a permis de financer un quart du projet en compl\u00e9ment du d\u00e9veloppeur ABO Energy. Pr\u00e9sents lors des \u00e9tudes d\u2019implantation et de recherche d\u2019accords fonciers, les fondateurs ont mis en \u0153uvre les structures financi\u00e8res appropri\u00e9es et suivi le d\u00e9roulement du projet.<\/span><\/span><\/p><p class=\"western\"><span style=\"font-family: Liberation Sans;\"><span style=\"font-size: medium;\">Premier parc citoyen en Mayenne, Saint Hilaire du Maine a mobilis\u00e9 350 citoyens, 4 collectivit\u00e9s et 3 entreprises pour financer 25 % du projet. Pr\u00e9sents tout au long des \u00e9tudes d\u2019implantation et de la recherche d\u2019accords fonciers, les fondateurs ont mis en \u0153uvre les structures financi\u00e8res appropri\u00e9es. Ils assurent \u00e9galement le suivi de l\u2019exploitation du parc.<\/span><\/span><\/p>\t\t\t\t\t\t\t\t<\/div>\n\t\t\t\t<\/div>\n\t\t\t\t\t<\/div>\n\t\t<\/div>\n\t\t\t\t\t<\/div>\n\t\t<\/section>\n\t\t\t\t<section class=\"elementor-section elementor-top-section elementor-element elementor-element-451e7a6 elementor-section-boxed elementor-section-height-default elementor-section-height-default\" data-id=\"451e7a6\" data-element_type=\"section\">\n\t\t\t\t\t\t<div class=\"elementor-container elementor-column-gap-default\">\n\t\t\t\t\t<div class=\"elementor-column elementor-col-100 elementor-top-column elementor-element elementor-element-d07b742\" data-id=\"d07b742\" data-element_type=\"column\">\n\t\t\t<div class=\"elementor-widget-wrap elementor-element-populated\">\n\t\t\t\t\t\t<div class=\"elementor-element elementor-element-d7d4a7d elementor-widget elementor-widget-heading\" data-id=\"d7d4a7d\" data-element_type=\"widget\" data-widget_type=\"heading.default\">\n\t\t\t\t<div class=\"elementor-widget-container\">\n\t\t\t\t\t<h2 class=\"elementor-heading-title elementor-size-default\">La cr\u00e9ation d\u2019une \u00ab\u00a0SAS\u00a0\u00bb citoyenne  <\/h2>\t\t\t\t<\/div>\n\t\t\t\t<\/div>\n\t\t\t\t<div class=\"elementor-element elementor-element-e3616db elementor-widget elementor-widget-text-editor\" data-id=\"e3616db\" data-element_type=\"widget\" data-widget_type=\"text-editor.default\">\n\t\t\t\t<div class=\"elementor-widget-container\">\n\t\t\t\t\t\t\t\t\t<p class=\"western\"><span style=\"font-family: Liberation Sans;\"><span style=\"font-size: medium;\">D\u00e9finie par l\u2019<span style=\"color: #0563c1;\"><u><a href=\"https:\/\/www.legifrance.gouv.fr\/codes\/article_lc\/LEGIARTI000038799575\/\"><span style=\"color: #000000;\">article L227-1<\/span><\/a><\/u><\/span> du Code de commerce, la forme juridique de <i>Soci\u00e9t\u00e9 par Actions simplifi\u00e9e (SAS)<\/i> offre la meilleure solution pour rassembler des citoyens investisseurs autour d\u2019un projet en \u00e9nergie renouvelable\u00a0:<\/span><\/span><\/p>\n<ul>\n<li>\n<p class=\"western\">Elle s\u2019affranchit du formalisme des autres formes juridiques, laissant une grande libert\u00e9 dans la r\u00e9daction des statuts\u00a0;<\/p>\n<\/li>\n<li>\n<p class=\"western\">Les membres \u00e9lisent un Bureau qui est compos\u00e9, au minimum, d\u2019un pr\u00e9sident, d\u2019un tr\u00e9sorier et d\u2019un secr\u00e9taire.<\/p>\n<\/li>\n<li>\n<p class=\"western\">Aucun minimum n\u2019est impos\u00e9 pour le montant du capital social ;<\/p>\n<\/li>\n<li>\n<p class=\"western\">La responsabilit\u00e9 des associ\u00e9s est limit\u00e9e \u00e0 leur apport ;<\/p>\n<\/li>\n<li>\n<p class=\"western\">Aucune limite n\u2019est fix\u00e9e pour le nombre des actionnaires (minimum requis\u00a0: 2) ;<\/p>\n<\/li>\n<li>\n<p class=\"western\">La gestion est la plus flexible ;<\/p>\n<\/li>\n<li>\n<p class=\"western\">Il est possible d\u2019opter pour l\u2019imposition sur le revenu sous certaines conditions.<\/p>\n<\/li>\n<\/ul>\n<p class=\"western\"><span style=\"font-family: Liberation Sans;\"><span style=\"font-size: medium;\">Afin de simplifier la gestion de la <\/span><\/span><span style=\"font-family: Liberation Sans;\"><span style=\"font-size: medium;\"><i>SAS Vents Citoyens \u2013 Saint Hilaire du Maine<\/i><\/span><\/span><span style=\"font-family: Liberation Sans;\"><span style=\"font-size: medium;\">, les statuts ont fix\u00e9 l\u2019apport minimum par associ\u00e9 \u00e0 3\u00a0000 \u20ac. Un tiers en parts sociales (<\/span><\/span><span style=\"font-family: Liberation Sans;\"><span style=\"font-size: medium;\"><i>capital : 1\u00a0000 \u20ac<\/i><\/span><\/span><span style=\"font-family: Liberation Sans;\"><span style=\"font-size: medium;\">) et deux tiers en compte courant (<\/span><\/span><span style=\"font-family: Liberation Sans;\"><span style=\"font-size: medium;\"><i>cr\u00e9dit : 2\u00a0000 \u20ac<\/i><\/span><\/span><span style=\"font-family: Liberation Sans;\"><span style=\"font-size: medium;\">). <\/span><\/span><\/p>\n<p class=\"western\">Toutefois, pour des montants plus faibles, les citoyens ont eu la possibilit\u00e9 de se regrouper en <i>Clubs d\u2019investissement<\/i> afin de r\u00e9unir les fonds n\u00e9cessaires en Indivision.<\/p>\t\t\t\t\t\t\t\t<\/div>\n\t\t\t\t<\/div>\n\t\t\t\t\t<\/div>\n\t\t<\/div>\n\t\t\t\t\t<\/div>\n\t\t<\/section>\n\t\t\t\t<section class=\"elementor-section elementor-top-section elementor-element elementor-element-0517049 elementor-section-boxed elementor-section-height-default elementor-section-height-default\" data-id=\"0517049\" data-element_type=\"section\">\n\t\t\t\t\t\t<div class=\"elementor-container elementor-column-gap-default\">\n\t\t\t\t\t<div class=\"elementor-column elementor-col-100 elementor-top-column elementor-element elementor-element-0a534fa\" data-id=\"0a534fa\" data-element_type=\"column\">\n\t\t\t<div class=\"elementor-widget-wrap elementor-element-populated\">\n\t\t\t\t\t\t<div class=\"elementor-element elementor-element-ae52b13 elementor-widget elementor-widget-heading\" data-id=\"ae52b13\" data-element_type=\"widget\" data-widget_type=\"heading.default\">\n\t\t\t\t<div class=\"elementor-widget-container\">\n\t\t\t\t\t<h2 class=\"elementor-heading-title elementor-size-default\">La cr\u00e9ation des CIERC<\/h2>\t\t\t\t<\/div>\n\t\t\t\t<\/div>\n\t\t\t\t<div class=\"elementor-element elementor-element-7aeba0b elementor-widget elementor-widget-text-editor\" data-id=\"7aeba0b\" data-element_type=\"widget\" data-widget_type=\"text-editor.default\">\n\t\t\t\t<div class=\"elementor-widget-container\">\n\t\t\t\t\t\t\t\t\t<p class=\"western\"><span style=\"font-family: Liberation Sans;\"><span style=\"font-size: medium;\">Un <i>Club d\u2019Investissement en \u00c9nergie Renouvelable Citoyen (CIERC)<\/i> prend la forme d\u2019une <u>indivision fiscale volontaire<\/u> entre des citoyens. Il suffit d\u2019ouvrir un compte chez un interm\u00e9diaire financier. L\u2019avantage de cette formule est de permettre le d\u00e9part ou l\u2019arriv\u00e9e de membres sans remettre en cause le fonctionnement du club. Les r\u00e8gles fiscales en vigueur pr\u00e9voient un certain nombre de limites\u00a0:<\/span><\/span><\/p>\n<ul>\n<li>\n<p class=\"western\"><span style=\"font-family: Liberation Sans;\"><span style=\"font-size: medium;\">Cr\u00e9\u00e9 pour une dur\u00e9e de 10 ans, il peut \u00eatre renouvel\u00e9 une fois.<\/span><\/span><\/p>\n<\/li>\n<li>\n<p class=\"western\"><span style=\"font-family: Liberation Sans;\"><span style=\"font-size: medium;\">Le club d\u2019investissement b\u00e9n\u00e9ficie de la transparence fiscale. Chaque membre est imposable sur sa quote-part de dividendes et autres produits per\u00e7us \u00e0 l&rsquo;int\u00e9rieur du club. Il b\u00e9n\u00e9ficie en contrepartie des abattements et cr\u00e9dits d&rsquo;imp\u00f4ts attach\u00e9s \u00e0 cette quote-part. <\/span><\/span><\/p>\n<\/li>\n<li>\n<p class=\"western\"><span style=\"font-family: Liberation Sans;\"><span style=\"font-size: medium;\">Le montant des versements est limit\u00e9 \u00e0 5\u00a0500\u00a0\u20ac par an et par foyer fiscal.<\/span><\/span><\/p>\n<\/li>\n<li>\n<p class=\"western\"><span style=\"font-family: Liberation Sans;\"><span style=\"font-size: medium;\">Il b\u00e9n\u00e9ficie de l\u2019exon\u00e9ration d&rsquo;imp\u00f4t sur les plus-values r\u00e9alis\u00e9es durant la vie du club.<\/span><\/span><\/p>\n<\/li>\n<\/ul>\n<p class=\"western\"><span style=\"font-family: Liberation Sans;\"><span style=\"font-size: medium;\">Lors de la cr\u00e9ation de la <i>SAS Vents Citoyens \u2013 Saint Hilaire du Maine<\/i>, 24 CIERC ont contribu\u00e9 au financement collectif de la soci\u00e9t\u00e9.<\/span><\/span><\/p>\t\t\t\t\t\t\t\t<\/div>\n\t\t\t\t<\/div>\n\t\t\t\t\t<\/div>\n\t\t<\/div>\n\t\t\t\t\t<\/div>\n\t\t<\/section>\n\t\t\t\t<section class=\"elementor-section elementor-top-section elementor-element elementor-element-f706d90 elementor-section-boxed elementor-section-height-default elementor-section-height-default\" data-id=\"f706d90\" data-element_type=\"section\">\n\t\t\t\t\t\t<div class=\"elementor-container elementor-column-gap-default\">\n\t\t\t\t\t<div class=\"elementor-column elementor-col-100 elementor-top-column elementor-element elementor-element-230d04a\" data-id=\"230d04a\" data-element_type=\"column\">\n\t\t\t<div class=\"elementor-widget-wrap elementor-element-populated\">\n\t\t\t\t\t\t<div class=\"elementor-element elementor-element-aad4d96 elementor-widget elementor-widget-heading\" data-id=\"aad4d96\" data-element_type=\"widget\" data-widget_type=\"heading.default\">\n\t\t\t\t<div class=\"elementor-widget-container\">\n\t\t\t\t\t<h2 class=\"elementor-heading-title elementor-size-default\">Les caract\u00e9ristiques techniques du parc \u00e9olien de Saint Hilaire<\/h2>\t\t\t\t<\/div>\n\t\t\t\t<\/div>\n\t\t\t\t<div class=\"elementor-element elementor-element-6116aa3 elementor-widget elementor-widget-text-editor\" data-id=\"6116aa3\" data-element_type=\"widget\" data-widget_type=\"text-editor.default\">\n\t\t\t\t<div class=\"elementor-widget-container\">\n\t\t\t\t\t\t\t\t\t<p class=\"western\"><span style=\"font-family: Liberation Sans;\"><span style=\"font-size: medium;\">Le parc de Saint Hilaire du Maine, mis en service en janvier 2021, est compos\u00e9 de quatre \u00e9oliennes de marque NORDEX. La puissance nominale atteint 11,4 MW avec 3\u00a0\u00e9oliennes de 3\u00a0Mw et 1 \u00e9olienne de 2,4 Mw. La production annuelle est estim\u00e9e \u00e0 25\u00a0300 Mwh, soit la consommation de 4 400 foyers,chauffage inclus. De fait, les quatre\u00a0\u00e9oliennes de Saint Hilaire du Maine assurent 17 % de la consommation globale d\u2019\u00e9lectricit\u00e9 du Pays de l\u2019Ern\u00e9e.<\/span><\/span><\/p>\n<p class=\"western\"><span style=\"font-family: Liberation Sans;\"><span style=\"font-size: medium;\">La dur\u00e9e de vie du parc est pr\u00e9vue entre 20 et 25 ans. Arriv\u00e9 en fin de vie, le parc \u00e9olien est enti\u00e8rement d\u00e9mantel\u00e9, y compris les fondations en b\u00e9ton. Les \u00e9oliennes sont recycl\u00e9es \u00e0 plus de 90%. Le locataire peut restituer le terrain dans son \u00e9tat initial ou bien demander la construction de nouvelles \u00e9oliennes.<b> <\/b><\/span><\/span><\/p>\t\t\t\t\t\t\t\t<\/div>\n\t\t\t\t<\/div>\n\t\t\t\t\t<\/div>\n\t\t<\/div>\n\t\t\t\t\t<\/div>\n\t\t<\/section>\n\t\t\t\t<\/div>\n\t\t","protected":false},"excerpt":{"rendered":"<p>Le parc \u00e9olien de Saint Hilaire du Maine Gr\u00e2ce \u00e0 notre association, une mobilisation de citoyens a permis de financer un quart du projet en compl\u00e9ment du d\u00e9veloppeur ABO Energy. Pr\u00e9sents lors des \u00e9tudes d\u2019implantation et de recherche d\u2019accords fonciers, les fondateurs ont mis en \u0153uvre les structures financi\u00e8res appropri\u00e9es et suivi le d\u00e9roulement du [&hellip;]<\/p>\n","protected":false},"author":4,"featured_media":0,"parent":0,"menu_order":0,"comment_status":"closed","ping_status":"closed","template":"","meta":{"footnotes":""},"class_list":["post-163","page","type-page","status-publish","hentry"],"_links":{"self":[{"href":"https:\/\/vents-citoyens-53.org\/index.php\/wp-json\/wp\/v2\/pages\/163","targetHints":{"allow":["GET"]}}],"collection":[{"href":"https:\/\/vents-citoyens-53.org\/index.php\/wp-json\/wp\/v2\/pages"}],"about":[{"href":"https:\/\/vents-citoyens-53.org\/index.php\/wp-json\/wp\/v2\/types\/page"}],"author":[{"embeddable":true,"href":"https:\/\/vents-citoyens-53.org\/index.php\/wp-json\/wp\/v2\/users\/4"}],"replies":[{"embeddable":true,"href":"https:\/\/vents-citoyens-53.org\/index.php\/wp-json\/wp\/v2\/comments?post=163"}],"version-history":[{"count":34,"href":"https:\/\/vents-citoyens-53.org\/index.php\/wp-json\/wp\/v2\/pages\/163\/revisions"}],"predecessor-version":[{"id":1011,"href":"https:\/\/vents-citoyens-53.org\/index.php\/wp-json\/wp\/v2\/pages\/163\/revisions\/1011"}],"wp:attachment":[{"href":"https:\/\/vents-citoyens-53.org\/index.php\/wp-json\/wp\/v2\/media?parent=163"}],"curies":[{"name":"wp","href":"https:\/\/api.w.org\/{rel}","templated":true}]}}