{"id":983,"date":"2025-06-17T10:24:04","date_gmt":"2025-06-17T08:24:04","guid":{"rendered":"https:\/\/vents-citoyens-53.org\/?page_id=983"},"modified":"2025-06-17T17:50:53","modified_gmt":"2025-06-17T15:50:53","slug":"notre-demarche","status":"publish","type":"page","link":"https:\/\/vents-citoyens-53.org\/index.php\/notre-demarche\/","title":{"rendered":"Notre d\u00e9marche"},"content":{"rendered":"\t\t<div data-elementor-type=\"wp-page\" data-elementor-id=\"983\" class=\"elementor elementor-983\">\n\t\t\t\t\t\t<section class=\"elementor-section elementor-top-section elementor-element elementor-element-df5c9b8 elementor-section-boxed elementor-section-height-default elementor-section-height-default\" data-id=\"df5c9b8\" data-element_type=\"section\">\n\t\t\t\t\t\t<div class=\"elementor-container elementor-column-gap-default\">\n\t\t\t\t\t<div class=\"elementor-column elementor-col-100 elementor-top-column elementor-element elementor-element-3700946\" data-id=\"3700946\" data-element_type=\"column\">\n\t\t\t<div class=\"elementor-widget-wrap elementor-element-populated\">\n\t\t\t\t\t\t<div class=\"elementor-element elementor-element-e06e246 elementor-widget elementor-widget-heading\" data-id=\"e06e246\" data-element_type=\"widget\" data-widget_type=\"heading.default\">\n\t\t\t\t<div class=\"elementor-widget-container\">\n\t\t\t\t\t<h1 class=\"elementor-heading-title elementor-size-default\">Notre d\u00e9marche<\/h1>\t\t\t\t<\/div>\n\t\t\t\t<\/div>\n\t\t\t\t\t<\/div>\n\t\t<\/div>\n\t\t\t\t\t<\/div>\n\t\t<\/section>\n\t\t\t\t<section class=\"elementor-section elementor-top-section elementor-element elementor-element-4c4e3dd elementor-section-boxed elementor-section-height-default elementor-section-height-default\" data-id=\"4c4e3dd\" data-element_type=\"section\">\n\t\t\t\t\t\t<div class=\"elementor-container elementor-column-gap-default\">\n\t\t\t\t\t<div class=\"elementor-column elementor-col-100 elementor-top-column elementor-element elementor-element-13d305a\" data-id=\"13d305a\" data-element_type=\"column\">\n\t\t\t<div class=\"elementor-widget-wrap elementor-element-populated\">\n\t\t\t\t\t\t<div class=\"elementor-element elementor-element-ef15b7c elementor-widget elementor-widget-heading\" data-id=\"ef15b7c\" data-element_type=\"widget\" data-widget_type=\"heading.default\">\n\t\t\t\t<div class=\"elementor-widget-container\">\n\t\t\t\t\t<h2 class=\"elementor-heading-title elementor-size-default\">Pourquoi l\u2019\u00e9nergie \u00e9olienne\u00a0?<\/h2>\t\t\t\t<\/div>\n\t\t\t\t<\/div>\n\t\t\t\t<div class=\"elementor-element elementor-element-1ffcdfd elementor-widget elementor-widget-text-editor\" data-id=\"1ffcdfd\" data-element_type=\"widget\" data-widget_type=\"text-editor.default\">\n\t\t\t\t<div class=\"elementor-widget-container\">\n\t\t\t\t\t\t\t\t\t<p class=\"western\"><span style=\"font-family: Liberation Sans;\"><span style=\"font-size: medium;\">Le VENT est une force motrice in\u00e9puisable.\u00a0Il permet d\u2019entra\u00eener des \u00e9oliennes qui produisent de l\u2019\u00e9nergie \u00e9lectrique renouvelable disponible localement. Celle-ci contribue \u00e0 l\u2019autonomie \u00e9nerg\u00e9tique des territoires. Pour la Mayenne, la production \u00e9olienne a repr\u00e9sent\u00e9 23% de notre consommation globale en 2021.<\/span><\/span><\/p><p class=\"western\"><span style=\"font-family: Liberation Sans;\"><span style=\"font-size: medium;\">Le vent permet aux \u00e9oliennes de produire une des \u00e9nergies les moins ch\u00e8res. Cette technologie est aujourd\u2019hui bien ma\u00eetris\u00e9e.\u00a0Elle pr\u00e9sente peu d\u2019impacts sur l\u2019environnement et une emprise au sol r\u00e9duite pour une production importante.<\/span><\/span><\/p><p class=\"western\"><span style=\"font-family: Liberation Sans;\"><span style=\"font-size: medium;\">L\u2019\u00e9nergie grise consomm\u00e9e lors de la construction d\u2019une \u00e9olienne est r\u00e9cup\u00e9r\u00e9e en une ann\u00e9e de production. Les \u00e9oliennes sont simples \u00e0 d\u00e9manteler et \u00e0 recycler. Une\u00a0garantie financi\u00e8re est mise en place d\u00e8s la mise en service des \u00e9oliennes pour le d\u00e9mant\u00e8lement.<\/span><\/span><\/p>\t\t\t\t\t\t\t\t<\/div>\n\t\t\t\t<\/div>\n\t\t\t\t\t<\/div>\n\t\t<\/div>\n\t\t\t\t\t<\/div>\n\t\t<\/section>\n\t\t\t\t<section class=\"elementor-section elementor-top-section elementor-element elementor-element-af1b7dd elementor-section-boxed elementor-section-height-default elementor-section-height-default\" data-id=\"af1b7dd\" data-element_type=\"section\">\n\t\t\t\t\t\t<div class=\"elementor-container elementor-column-gap-default\">\n\t\t\t\t\t<div class=\"elementor-column elementor-col-100 elementor-top-column elementor-element elementor-element-765fe61\" data-id=\"765fe61\" data-element_type=\"column\">\n\t\t\t<div class=\"elementor-widget-wrap elementor-element-populated\">\n\t\t\t\t\t\t<div class=\"elementor-element elementor-element-b04ce94 elementor-widget elementor-widget-heading\" data-id=\"b04ce94\" data-element_type=\"widget\" data-widget_type=\"heading.default\">\n\t\t\t\t<div class=\"elementor-widget-container\">\n\t\t\t\t\t<h2 class=\"elementor-heading-title elementor-size-default\">Pourquoi un projet citoyen ?<\/h2>\t\t\t\t<\/div>\n\t\t\t\t<\/div>\n\t\t\t\t<div class=\"elementor-element elementor-element-4b78271 elementor-widget elementor-widget-text-editor\" data-id=\"4b78271\" data-element_type=\"widget\" data-widget_type=\"text-editor.default\">\n\t\t\t\t<div class=\"elementor-widget-container\">\n\t\t\t\t\t\t\t\t\t<p class=\"western\"><span style=\"font-family: Liberation Sans;\"><span style=\"font-size: medium;\"><b>L\u2019ancrage local<\/b> est la principale qualit\u00e9 d\u2019un projet de production d\u2019\u00e9nergie renouvelable citoyenne. Il pr\u00e9sente \u00e9galement d\u2019importants avantages pour les habitants :<\/span><\/span><\/p><ul><li><p class=\"western\"><span style=\"font-family: Liberation Sans;\"><span style=\"font-size: medium;\"><b>Une gouvernance d\u00e9mocratique des projets.<\/b> <br \/>Les d\u00e9cisions sont prises en coll\u00e9gialit\u00e9 et en toute transparence.<\/span><\/span><\/p><\/li><li><p class=\"western\"><span style=\"font-family: Liberation Sans;\"><span style=\"font-size: medium;\"><b>Un<\/b> <b>mod\u00e8le \u00e9conomique bas\u00e9 sur un financement non sp\u00e9culatif<br \/><\/b>Il<b> <\/b>mobilise une \u00e9pargne citoyenne. Les retomb\u00e9es \u00e9conomiques reviennent ainsi aux citoyens. Une partie des b\u00e9n\u00e9fices est orient\u00e9e vers de nouveaux projets.<\/span><\/span><\/p><\/li><li><p class=\"western\"><span style=\"font-family: Liberation Sans;\"><span style=\"font-size: medium;\"><b>Une meilleure acceptabilit\u00e9 des projets<br \/><\/b>Pour une bonne prise en compte des habitants et des riverains, <i>Vents Citoyens<\/i> organise des r\u00e9unions publiques d\u2019information et des entretiens personnalis\u00e9s. De plus, des \u00e9tudes pr\u00e9alables compl\u00e9mentaires sont r\u00e9alis\u00e9es sur le terrain (g\u00e9obiologie).<\/span><\/span><\/p><\/li><li><p class=\"western\"><span style=\"font-family: Liberation Sans;\"><span style=\"font-size: medium;\"><b>Une dimension p\u00e9dagogique<\/b><br \/>Vents Citoyens m\u00e8ne des actions de sensibilisation aupr\u00e8s de diff\u00e9rents publics sur les \u00e9conomies d\u2019\u00e9nergie (sobri\u00e9t\u00e9 et efficacit\u00e9 \u00e9nerg\u00e9tique), les \u00e9nergies renouvelables et le respect de l\u2019environnement.<\/span><\/span><\/p><\/li><\/ul>\t\t\t\t\t\t\t\t<\/div>\n\t\t\t\t<\/div>\n\t\t\t\t\t<\/div>\n\t\t<\/div>\n\t\t\t\t\t<\/div>\n\t\t<\/section>\n\t\t\t\t<\/div>\n\t\t","protected":false},"excerpt":{"rendered":"<p>Notre d\u00e9marche Pourquoi l\u2019\u00e9nergie \u00e9olienne\u00a0? Le VENT est une force motrice in\u00e9puisable.\u00a0Il permet d\u2019entra\u00eener des \u00e9oliennes qui produisent de l\u2019\u00e9nergie \u00e9lectrique renouvelable disponible localement. Celle-ci contribue \u00e0 l\u2019autonomie \u00e9nerg\u00e9tique des territoires. Pour la Mayenne, la production \u00e9olienne a repr\u00e9sent\u00e9 23% de notre consommation globale en 2021. Le vent permet aux \u00e9oliennes de produire une des [&hellip;]<\/p>\n","protected":false},"author":8,"featured_media":0,"parent":0,"menu_order":0,"comment_status":"closed","ping_status":"closed","template":"","meta":{"footnotes":""},"class_list":["post-983","page","type-page","status-publish","hentry"],"_links":{"self":[{"href":"https:\/\/vents-citoyens-53.org\/index.php\/wp-json\/wp\/v2\/pages\/983","targetHints":{"allow":["GET"]}}],"collection":[{"href":"https:\/\/vents-citoyens-53.org\/index.php\/wp-json\/wp\/v2\/pages"}],"about":[{"href":"https:\/\/vents-citoyens-53.org\/index.php\/wp-json\/wp\/v2\/types\/page"}],"author":[{"embeddable":true,"href":"https:\/\/vents-citoyens-53.org\/index.php\/wp-json\/wp\/v2\/users\/8"}],"replies":[{"embeddable":true,"href":"https:\/\/vents-citoyens-53.org\/index.php\/wp-json\/wp\/v2\/comments?post=983"}],"version-history":[{"count":7,"href":"https:\/\/vents-citoyens-53.org\/index.php\/wp-json\/wp\/v2\/pages\/983\/revisions"}],"predecessor-version":[{"id":1015,"href":"https:\/\/vents-citoyens-53.org\/index.php\/wp-json\/wp\/v2\/pages\/983\/revisions\/1015"}],"wp:attachment":[{"href":"https:\/\/vents-citoyens-53.org\/index.php\/wp-json\/wp\/v2\/media?parent=983"}],"curies":[{"name":"wp","href":"https:\/\/api.w.org\/{rel}","templated":true}]}}