{"id":990,"date":"2025-06-17T11:03:01","date_gmt":"2025-06-17T09:03:01","guid":{"rendered":"https:\/\/vents-citoyens-53.org\/?page_id=990"},"modified":"2025-06-17T11:21:08","modified_gmt":"2025-06-17T09:21:08","slug":"les-autres-actions","status":"publish","type":"page","link":"https:\/\/vents-citoyens-53.org\/index.php\/les-autres-actions\/","title":{"rendered":"Les autres actions"},"content":{"rendered":"\t\t<div data-elementor-type=\"wp-page\" data-elementor-id=\"990\" class=\"elementor elementor-990\">\n\t\t\t\t\t\t<section class=\"elementor-section elementor-top-section elementor-element elementor-element-839ed00 elementor-section-boxed elementor-section-height-default elementor-section-height-default\" data-id=\"839ed00\" data-element_type=\"section\">\n\t\t\t\t\t\t<div class=\"elementor-container elementor-column-gap-default\">\n\t\t\t\t\t<div class=\"elementor-column elementor-col-100 elementor-top-column elementor-element elementor-element-db81dac\" data-id=\"db81dac\" data-element_type=\"column\">\n\t\t\t<div class=\"elementor-widget-wrap elementor-element-populated\">\n\t\t\t\t\t\t<div class=\"elementor-element elementor-element-5b8e105 elementor-widget elementor-widget-heading\" data-id=\"5b8e105\" data-element_type=\"widget\" data-widget_type=\"heading.default\">\n\t\t\t\t<div class=\"elementor-widget-container\">\n\t\t\t\t\t<h1 class=\"elementor-heading-title elementor-size-default\">Les autres actions<\/h1>\t\t\t\t<\/div>\n\t\t\t\t<\/div>\n\t\t\t\t\t<\/div>\n\t\t<\/div>\n\t\t\t\t\t<\/div>\n\t\t<\/section>\n\t\t\t\t<section class=\"elementor-section elementor-top-section elementor-element elementor-element-a0f79c2 elementor-section-boxed elementor-section-height-default elementor-section-height-default\" data-id=\"a0f79c2\" data-element_type=\"section\">\n\t\t\t\t\t\t<div class=\"elementor-container elementor-column-gap-default\">\n\t\t\t\t\t<div class=\"elementor-column elementor-col-100 elementor-top-column elementor-element elementor-element-d1c219c\" data-id=\"d1c219c\" data-element_type=\"column\">\n\t\t\t<div class=\"elementor-widget-wrap elementor-element-populated\">\n\t\t\t\t\t\t<div class=\"elementor-element elementor-element-6372a5a elementor-widget elementor-widget-heading\" data-id=\"6372a5a\" data-element_type=\"widget\" data-widget_type=\"heading.default\">\n\t\t\t\t<div class=\"elementor-widget-container\">\n\t\t\t\t\t<h2 class=\"elementor-heading-title elementor-size-default\">La sensibilisation des publics \u00e0 la transition \u00e9nerg\u00e9tique<\/h2>\t\t\t\t<\/div>\n\t\t\t\t<\/div>\n\t\t\t\t<div class=\"elementor-element elementor-element-7651337 elementor-widget elementor-widget-text-editor\" data-id=\"7651337\" data-element_type=\"widget\" data-widget_type=\"text-editor.default\">\n\t\t\t\t<div class=\"elementor-widget-container\">\n\t\t\t\t\t\t\t\t\t<p class=\"western\">La ferme \u00e9olienne vend sa production \u00e9lectrique en exclusivit\u00e9 \u00e0 la coop\u00e9rative Enercoop qui lui accorde une prime de 1\u20ac par m\u00e9gawatt\/heure vendu destin\u00e9e \u00e0 financer des actions de sensibilisation. Par d\u00e9l\u00e9gation, l\u2019association Vents Citoyens est charg\u00e9e de mettre en oeuvre ces actions.<\/p><p class=\"western\">Pour la r\u00e9alisation, il est fait appel \u00e0 des partenaires pour leurs comp\u00e9tences\u00a0: Synergies 53, Ligue de l\u2019enseignement FAL 53 et Mayenne Nature Environnement.<\/p><p class=\"western\">Des animations organis\u00e9es en milieu scolaire traitent de la sobri\u00e9t\u00e9 \u00e9nerg\u00e9tique, de la sobri\u00e9t\u00e9 num\u00e9rique et de la biodiversit\u00e9 dans les \u00e9coles de St Hilaire du Maine et de La Baconni\u00e8re.<\/p><p class=\"western\">Des jeunes migrants sont \u00e9galement sensibilis\u00e9s aux n\u00e9cessaires \u00e9conomies d\u2019\u00e9nergie notamment en mati\u00e8re de chauffage.<\/p><p class=\"western\">Aupr\u00e8s des membres des CIERC (club d\u2019investissement \u00e9nergie renouvelable citoyenne) de la SAS Vents Citoyens &#8211; St Hilaire du Maine, ces th\u00e8mes sont mobilis\u00e9s lors d\u2019assembl\u00e9es g\u00e9n\u00e9rales ou d\u2019autres r\u00e9unions.<\/p><p class=\"western\">Un comit\u00e9 associe des membres de Vents Citoyens et des personnalit\u00e9s ext\u00e9rieures pour piloter toutes ces actions financ\u00e9es en utilisant la prime Enercoop.<\/p>\t\t\t\t\t\t\t\t<\/div>\n\t\t\t\t<\/div>\n\t\t\t\t\t<\/div>\n\t\t<\/div>\n\t\t\t\t\t<\/div>\n\t\t<\/section>\n\t\t\t\t<section class=\"elementor-section elementor-top-section elementor-element elementor-element-dd65afe elementor-section-boxed elementor-section-height-default elementor-section-height-default\" data-id=\"dd65afe\" data-element_type=\"section\">\n\t\t\t\t\t\t<div class=\"elementor-container elementor-column-gap-default\">\n\t\t\t\t\t<div class=\"elementor-column elementor-col-100 elementor-top-column elementor-element elementor-element-1feec8f\" data-id=\"1feec8f\" data-element_type=\"column\">\n\t\t\t<div class=\"elementor-widget-wrap elementor-element-populated\">\n\t\t\t\t\t\t<div class=\"elementor-element elementor-element-4ac714d elementor-widget elementor-widget-heading\" data-id=\"4ac714d\" data-element_type=\"widget\" data-widget_type=\"heading.default\">\n\t\t\t\t<div class=\"elementor-widget-container\">\n\t\t\t\t\t<h2 class=\"elementor-heading-title elementor-size-default\">Le d\u00e9veloppement de l\u2019\u00e9olien terrestre<\/h2>\t\t\t\t<\/div>\n\t\t\t\t<\/div>\n\t\t\t\t<div class=\"elementor-element elementor-element-ab58924 elementor-widget elementor-widget-text-editor\" data-id=\"ab58924\" data-element_type=\"widget\" data-widget_type=\"text-editor.default\">\n\t\t\t\t<div class=\"elementor-widget-container\">\n\t\t\t\t\t\t\t\t\t<p class=\"western\">Vents Citoyens souhaite \u00e9galement poursuivre l\u2019implantation de parc \u00e9oliens terrestres citoyens sur le territoire mayennais. L\u2019association se mobilise en faveur de l\u2019implantation d\u2019un parc \u00e9olien sur la communaut\u00e9 de communes de l\u2019Ern\u00e9e et sein du parc d\u2019activit\u00e9 du Grand Ouest de Laval Agglo.<\/p>\t\t\t\t\t\t\t\t<\/div>\n\t\t\t\t<\/div>\n\t\t\t\t\t<\/div>\n\t\t<\/div>\n\t\t\t\t\t<\/div>\n\t\t<\/section>\n\t\t\t\t<section class=\"elementor-section elementor-top-section elementor-element elementor-element-6c7500e elementor-section-boxed elementor-section-height-default elementor-section-height-default\" data-id=\"6c7500e\" data-element_type=\"section\">\n\t\t\t\t\t\t<div class=\"elementor-container elementor-column-gap-default\">\n\t\t\t\t\t<div class=\"elementor-column elementor-col-100 elementor-top-column elementor-element elementor-element-a6ec634\" data-id=\"a6ec634\" data-element_type=\"column\">\n\t\t\t<div class=\"elementor-widget-wrap elementor-element-populated\">\n\t\t\t\t\t\t<div class=\"elementor-element elementor-element-89419d3 elementor-widget elementor-widget-heading\" data-id=\"89419d3\" data-element_type=\"widget\" data-widget_type=\"heading.default\">\n\t\t\t\t<div class=\"elementor-widget-container\">\n\t\t\t\t\t<h2 class=\"elementor-heading-title elementor-size-default\">Le photovolta\u00efque<\/h2>\t\t\t\t<\/div>\n\t\t\t\t<\/div>\n\t\t\t\t<div class=\"elementor-element elementor-element-426dcd3 elementor-widget elementor-widget-text-editor\" data-id=\"426dcd3\" data-element_type=\"widget\" data-widget_type=\"text-editor.default\">\n\t\t\t\t<div class=\"elementor-widget-container\">\n\t\t\t\t\t\t\t\t\t<p class=\"western\"><span style=\"font-family: Liberation Sans;\"><span style=\"font-size: medium;\">Les administrateurs de <i>Vents Citoyens<\/i> souhaitent \u00e9largir l\u2019action de l\u2019association vers le financement de projets photovolta\u00efques. A cet effet, des contacts sont nou\u00e9s avec la <i>SAS des Tournesols Mayennais<\/i> en vue d\u2018un partenariat en 2025 avec la <i>Soci\u00e9t\u00e9\u00a0\u00c9nergie\u00a0Mayenne (SEM)<\/i>, <i>\u00c9nergie Partag\u00e9e<\/i> et <i>Enercoop<\/i>. L\u2019objectif consiste \u00e0 financer l\u2019implantation de parcs photovolta\u00efques au sol sur des terrains d\u00e9laiss\u00e9s en Mayenne. <\/span><\/span><\/p>\t\t\t\t\t\t\t\t<\/div>\n\t\t\t\t<\/div>\n\t\t\t\t\t<\/div>\n\t\t<\/div>\n\t\t\t\t\t<\/div>\n\t\t<\/section>\n\t\t\t\t<\/div>\n\t\t","protected":false},"excerpt":{"rendered":"<p>Les autres actions La sensibilisation des publics \u00e0 la transition \u00e9nerg\u00e9tique La ferme \u00e9olienne vend sa production \u00e9lectrique en exclusivit\u00e9 \u00e0 la coop\u00e9rative Enercoop qui lui accorde une prime de 1\u20ac par m\u00e9gawatt\/heure vendu destin\u00e9e \u00e0 financer des actions de sensibilisation. Par d\u00e9l\u00e9gation, l\u2019association Vents Citoyens est charg\u00e9e de mettre en oeuvre ces actions. Pour [&hellip;]<\/p>\n","protected":false},"author":8,"featured_media":0,"parent":0,"menu_order":0,"comment_status":"closed","ping_status":"closed","template":"","meta":{"footnotes":""},"class_list":["post-990","page","type-page","status-publish","hentry"],"_links":{"self":[{"href":"https:\/\/vents-citoyens-53.org\/index.php\/wp-json\/wp\/v2\/pages\/990","targetHints":{"allow":["GET"]}}],"collection":[{"href":"https:\/\/vents-citoyens-53.org\/index.php\/wp-json\/wp\/v2\/pages"}],"about":[{"href":"https:\/\/vents-citoyens-53.org\/index.php\/wp-json\/wp\/v2\/types\/page"}],"author":[{"embeddable":true,"href":"https:\/\/vents-citoyens-53.org\/index.php\/wp-json\/wp\/v2\/users\/8"}],"replies":[{"embeddable":true,"href":"https:\/\/vents-citoyens-53.org\/index.php\/wp-json\/wp\/v2\/comments?post=990"}],"version-history":[{"count":7,"href":"https:\/\/vents-citoyens-53.org\/index.php\/wp-json\/wp\/v2\/pages\/990\/revisions"}],"predecessor-version":[{"id":998,"href":"https:\/\/vents-citoyens-53.org\/index.php\/wp-json\/wp\/v2\/pages\/990\/revisions\/998"}],"wp:attachment":[{"href":"https:\/\/vents-citoyens-53.org\/index.php\/wp-json\/wp\/v2\/media?parent=990"}],"curies":[{"name":"wp","href":"https:\/\/api.w.org\/{rel}","templated":true}]}}